{"id":7166,"date":"2021-09-14T18:20:46","date_gmt":"2021-09-14T16:20:46","guid":{"rendered":"https:\/\/www.glooh.fr\/sora-4-pro\/"},"modified":"2023-11-17T10:18:28","modified_gmt":"2023-11-17T09:18:28","slug":"commerce-local","status":"publish","type":"page","link":"https:\/\/fr.glooh.media\/?page_id=7166","title":{"rendered":"Commerce local"},"content":{"rendered":"\t\t<header data-elementor-type=\"header\" data-elementor-id=\"7134\" class=\"elementor elementor-7134\" data-elementor-settings=\"[]\">\n\t\t<div class=\"elementor-section-wrap\">\n\t\t\t\t\t<header class=\"elementor-section elementor-top-section elementor-element elementor-element-1179b18c elementor-section-full_width elementor-section-height-min-height elementor-section-stretched elementor-section-column-vertical-align-middle elementor-section-height-default elementor-section-items-middle\" data-id=\"1179b18c\" data-element_type=\"section\" data-settings=\"{&quot;stretch_section&quot;:&quot;section-stretched&quot;,&quot;background_background&quot;:&quot;classic&quot;}\">\n\t\t\t\t\t\t<div class=\"elementor-container elementor-column-gap-no\">\n\t\t\t\t\t\t\t<div class=\"elementor-row\">\n\t\t\t\t\t<div class=\"elementor-column elementor-col-25 elementor-top-column elementor-element elementor-element-48988165\" data-id=\"48988165\" data-element_type=\"column\">\n\t\t\t<div class=\"elementor-column-wrap elementor-element-populated\">\n\t\t\t\t\t\t\t<div class=\"elementor-widget-wrap\">\n\t\t\t\t\t\t<div class=\"elementor-element elementor-element-51c7ed46 elementor-widget elementor-widget-theme-site-logo elementor-widget-image\" data-id=\"51c7ed46\" data-element_type=\"widget\" data-widget_type=\"theme-site-logo.default\">\n\t\t\t\t<div class=\"elementor-widget-container\">\n\t\t\t\t\t\t\t\t<div class=\"elementor-image\">\n\t\t\t\t\t\t\t\t\t\t\t\t\t<a href=\"https:\/\/fr.glooh.media\">\n\t\t\t\t\t\t\t<img decoding=\"async\" width=\"622\" height=\"215\" src=\"https:\/\/fr.glooh.media\/wp-content\/uploads\/2021\/04\/glooh.svg\" class=\"attachment-full size-full\" alt=\"\" title=\"\">\t\t\t\t\t\t\t\t<\/a>\n\t\t\t\t\t\t\t\t\t\t\t\t\t\t<\/div>\n\t\t\t\t\t\t<\/div>\n\t\t\t\t<\/div>\n\t\t\t\t\t\t<\/div>\n\t\t\t\t\t<\/div>\n\t\t<\/div>\n\t\t\t\t<div class=\"elementor-column elementor-col-25 elementor-top-column elementor-element elementor-element-bb366ef elementor-hidden-tablet elementor-hidden-mobile\" data-id=\"bb366ef\" data-element_type=\"column\">\n\t\t\t<div class=\"elementor-column-wrap elementor-element-populated\">\n\t\t\t\t\t\t\t<div class=\"elementor-widget-wrap\">\n\t\t\t\t\t\t<div class=\"elementor-element elementor-element-b3cd73e elementor-nav-menu--indicator-chevron elementor-nav-menu--dropdown-none elementor-nav-menu__align-left elementor-widget elementor-widget-golo-nav-menu\" data-id=\"b3cd73e\" data-element_type=\"widget\" data-settings=\"{&quot;layout&quot;:&quot;horizontal&quot;}\" data-widget_type=\"golo-nav-menu.default\">\n\t\t\t\t<div class=\"elementor-widget-container\">\n\t\t\t\t\t\t<nav role=\"navigation\" class=\"elementor-nav-menu--main elementor-nav-menu__container elementor-nav-menu--layout-horizontal e--pointer-underline e--animation-fade\"><ul id=\"menu-1-b3cd73e\" class=\"elementor-nav-menu\"><li class=\"menu-item menu-item-type-custom menu-item-object-custom menu-item-8163\"><a href=\"https:\/\/www.glooh.fr\" class=\"elementor-item\" target=\"_blank\" rel=\"noopener\">glooh.fr<\/a><\/li>\n<li class=\"menu-item menu-item-type-custom menu-item-object-custom menu-item-has-children menu-item-8165\"><a href=\"#\" class=\"elementor-item elementor-item-anchor\">Solutions<\/a>\n<ul class=\"sub-menu elementor-nav-menu--dropdown\">\n\t<li class=\"menu-item menu-item-type-post_type menu-item-object-page menu-item-8168\"><a href=\"https:\/\/fr.glooh.media\/?page_id=7166\" class=\"elementor-sub-item\">Commerce local<\/a><\/li>\n\t<li class=\"menu-item menu-item-type-post_type menu-item-object-page menu-item-8169\"><a href=\"https:\/\/fr.glooh.media\/?page_id=7162\" class=\"elementor-sub-item\">Agences &#038; Marques<\/a><\/li>\n\t<li class=\"menu-item menu-item-type-post_type menu-item-object-page menu-item-8167\"><a href=\"https:\/\/fr.glooh.media\/?page_id=7338\" class=\"elementor-sub-item\">R\u00e9gies m\u00e9dia<\/a><\/li>\n<\/ul>\n<\/li>\n<li class=\"menu-item menu-item-type-custom menu-item-object-custom menu-item-has-children menu-item-8166\"><a href=\"#\" class=\"elementor-item elementor-item-anchor\">Ressources<\/a>\n<ul class=\"sub-menu elementor-nav-menu--dropdown\">\n\t<li class=\"menu-item menu-item-type-custom menu-item-object-custom menu-item-8173\"><a href=\"https:\/\/blog.glooh.co\" class=\"elementor-sub-item\" target=\"_blank\" rel=\"noopener\">Blog<\/a><\/li>\n\t<li class=\"menu-item menu-item-type-post_type menu-item-object-page menu-item-8174\"><a href=\"https:\/\/fr.glooh.media\/?page_id=7813\" class=\"elementor-sub-item\">\u00c0 propos<\/a><\/li>\n<\/ul>\n<\/li>\n<\/ul><\/nav>\r\n\t\t\t\t\t<div class=\"elementor-menu-toggle\" role=\"button\" tabindex=\"0\" aria-label=\"Menu Toggle\" aria-expanded=\"false\">\r\n\t\t\t<i class=\"eicon-menu-bar\" aria-hidden=\"true\"><\/i>\r\n\t\t\t<span class=\"elementor-screen-only\">Menu<\/span>\r\n\t\t<\/div>\r\n\t\t\t<nav class=\"elementor-nav-menu--dropdown elementor-nav-menu__container\" role=\"navigation\" aria-hidden=\"true\"><ul id=\"menu-2-b3cd73e\" class=\"elementor-nav-menu\"><li class=\"menu-item menu-item-type-custom menu-item-object-custom menu-item-8163\"><a href=\"https:\/\/www.glooh.fr\" class=\"elementor-item\" target=\"_blank\" rel=\"noopener\">glooh.fr<\/a><\/li>\n<li class=\"menu-item menu-item-type-custom menu-item-object-custom menu-item-has-children menu-item-8165\"><a href=\"#\" class=\"elementor-item elementor-item-anchor\">Solutions<\/a>\n<ul class=\"sub-menu elementor-nav-menu--dropdown\">\n\t<li class=\"menu-item menu-item-type-post_type menu-item-object-page menu-item-8168\"><a href=\"https:\/\/fr.glooh.media\/?page_id=7166\" class=\"elementor-sub-item\">Commerce local<\/a><\/li>\n\t<li class=\"menu-item menu-item-type-post_type menu-item-object-page menu-item-8169\"><a href=\"https:\/\/fr.glooh.media\/?page_id=7162\" class=\"elementor-sub-item\">Agences &#038; Marques<\/a><\/li>\n\t<li class=\"menu-item menu-item-type-post_type menu-item-object-page menu-item-8167\"><a href=\"https:\/\/fr.glooh.media\/?page_id=7338\" class=\"elementor-sub-item\">R\u00e9gies m\u00e9dia<\/a><\/li>\n<\/ul>\n<\/li>\n<li class=\"menu-item menu-item-type-custom menu-item-object-custom menu-item-has-children menu-item-8166\"><a href=\"#\" class=\"elementor-item elementor-item-anchor\">Ressources<\/a>\n<ul class=\"sub-menu elementor-nav-menu--dropdown\">\n\t<li class=\"menu-item menu-item-type-custom menu-item-object-custom menu-item-8173\"><a href=\"https:\/\/blog.glooh.co\" class=\"elementor-sub-item\" target=\"_blank\" rel=\"noopener\">Blog<\/a><\/li>\n\t<li class=\"menu-item menu-item-type-post_type menu-item-object-page menu-item-8174\"><a href=\"https:\/\/fr.glooh.media\/?page_id=7813\" class=\"elementor-sub-item\">\u00c0 propos<\/a><\/li>\n<\/ul>\n<\/li>\n<\/ul><\/nav>\r\n\t\t\t\t<\/div>\n\t\t\t\t<\/div>\n\t\t\t\t\t\t<\/div>\n\t\t\t\t\t<\/div>\n\t\t<\/div>\n\t\t\t\t<div class=\"elementor-column elementor-col-25 elementor-top-column elementor-element elementor-element-776bb32 elementor-hidden-tablet elementor-hidden-mobile\" data-id=\"776bb32\" data-element_type=\"column\">\n\t\t\t<div class=\"elementor-column-wrap elementor-element-populated\">\n\t\t\t\t\t\t\t<div class=\"elementor-widget-wrap\">\n\t\t\t\t\t\t<div class=\"elementor-element elementor-element-9de7016 elementor-align-center elementor-tablet-align-center elementor-widget__width-auto elementor-widget elementor-widget-button\" data-id=\"9de7016\" data-element_type=\"widget\" data-widget_type=\"button.default\">\n\t\t\t\t<div class=\"elementor-widget-container\">\n\t\t\t\t\t<div class=\"elementor-button-wrapper\">\n\t\t\t<a href=\"https:\/\/glooh.co\/login\" class=\"elementor-button-link elementor-button elementor-size-xs\" role=\"button\">\n\t\t\t\t\t\t<span class=\"elementor-button-content-wrapper\">\n\t\t\t\t\t\t<span class=\"elementor-button-text\">Se connecter<\/span>\n\t\t<\/span>\n\t\t\t\t\t<\/a>\n\t\t<\/div>\n\t\t\t\t<\/div>\n\t\t\t\t<\/div>\n\t\t\t\t<div class=\"elementor-element elementor-element-458adc7 elementor-align-center elementor-tablet-align-center elementor-widget__width-auto elementor-widget elementor-widget-button\" data-id=\"458adc7\" data-element_type=\"widget\" data-widget_type=\"button.default\">\n\t\t\t\t<div class=\"elementor-widget-container\">\n\t\t\t\t\t<div class=\"elementor-button-wrapper\">\n\t\t\t<a href=\"https:\/\/info.glooh.co\/demandez-une-d%C3%A9mo\" class=\"elementor-button-link elementor-button elementor-size-xs\" role=\"button\">\n\t\t\t\t\t\t<span class=\"elementor-button-content-wrapper\">\n\t\t\t\t\t\t<span class=\"elementor-button-text\">Demandez une d\u00e9mo<\/span>\n\t\t<\/span>\n\t\t\t\t\t<\/a>\n\t\t<\/div>\n\t\t\t\t<\/div>\n\t\t\t\t<\/div>\n\t\t\t\t\t\t<\/div>\n\t\t\t\t\t<\/div>\n\t\t<\/div>\n\t\t\t\t<div class=\"elementor-column elementor-col-25 elementor-top-column elementor-element elementor-element-3e1ba4c elementor-hidden-desktop\" data-id=\"3e1ba4c\" data-element_type=\"column\">\n\t\t\t<div class=\"elementor-column-wrap elementor-element-populated\">\n\t\t\t\t\t\t\t<div class=\"elementor-widget-wrap\">\n\t\t\t\t\t\t<div class=\"elementor-element elementor-element-a737f2e elementor-widget__width-auto elementor-widget elementor-widget-full-screen-menu-for-elementor\" data-id=\"a737f2e\" data-element_type=\"widget\" data-widget_type=\"full-screen-menu-for-elementor.default\">\n\t\t\t\t<div class=\"elementor-widget-container\">\n\t\t\t\t\t<div class=\"fsmfe-wrapper\">\n\t\t\t<input type=\"checkbox\" id=\"menu-toggle-69fb301e21c55\" class=\"menu-toggle\">\n\t\t\t<label for=\"menu-toggle-69fb301e21c55\" class=\"icon-bars\">\n\t\t\t\t<span class=\"icon-bar bar-top\"><\/span>\n\t\t\t\t<span class=\"icon-bar bar-middle\"><\/span>\n\t\t\t\t<span class=\"icon-bar bar-bottom\"><\/span>\n\t\t\t<\/label>\n\t\t\t<div class=\"menu-overlay\">\n\t\t\t\t<div class=\"content-type-menu\">\n\t\t\t\t\t<ul id=\"menu-off-canvas\" class=\"content-type-menu\"><li id=\"menu-item-7768\" class=\"menu-item menu-item-type-custom menu-item-object-custom menu-item-7768\"><a href=\"#pll_switcher\">Langues<\/a><\/li>\n<li id=\"menu-item-7543\" class=\"menu-item menu-item-type-custom menu-item-object-custom menu-item-7543\"><a href=\"#\"><b><u>Solutions<\/u><\/b><\/a><\/li>\n<li id=\"menu-item-7512\" class=\"menu-item menu-item-type-post_type menu-item-object-page menu-item-7512\"><a href=\"https:\/\/fr.glooh.media\/?page_id=7166\">Commerce local<\/a><\/li>\n<li id=\"menu-item-7513\" class=\"menu-item menu-item-type-post_type menu-item-object-page menu-item-7513\"><a href=\"https:\/\/fr.glooh.media\/?page_id=7162\">Agences &#038; Marques<\/a><\/li>\n<li id=\"menu-item-7511\" class=\"menu-item menu-item-type-post_type menu-item-object-page menu-item-7511\"><a href=\"https:\/\/fr.glooh.media\/?page_id=7338\">R\u00e9gies m\u00e9dia<\/a><\/li>\n<li id=\"menu-item-7544\" class=\"menu-item menu-item-type-custom menu-item-object-custom menu-item-7544\"><a href=\"#\"><b><u>L&rsquo;entreprise<\/b><\/u><\/a><\/li>\n<li id=\"menu-item-7871\" class=\"menu-item menu-item-type-post_type menu-item-object-page menu-item-7871\"><a href=\"https:\/\/fr.glooh.media\/?page_id=7813\">Our vision<\/a><\/li>\n<li id=\"menu-item-4964\" class=\"menu-item menu-item-type-post_type menu-item-object-page current_page_parent menu-item-4964\"><a href=\"https:\/\/fr.glooh.media\/?page_id=703\">Blog<\/a><\/li>\n<li id=\"menu-item-2723\" class=\"menu-item menu-item-type-post_type menu-item-object-page menu-item-2723\"><a href=\"https:\/\/fr.glooh.media\/?page_id=2690\">Contact<\/a><\/li>\n<\/ul>\t\t\t\t<\/div>\n\t\t\t<\/div>\n\t\t<\/div>\n\t\t\t\t<\/div>\n\t\t\t\t<\/div>\n\t\t\t\t\t\t<\/div>\n\t\t\t\t\t<\/div>\n\t\t<\/div>\n\t\t\t\t\t\t\t\t<\/div>\n\t\t\t\t\t<\/div>\n\t\t<\/header>\n\t\t\t\t<\/div>\n\t\t<\/header>\n\t\t\n<h1>Votre publicit\u00e9 locale<\/h1>\n<p>\t\t\t\t\t\t\t\t\t\t\t\t<img decoding=\"async\" width=\"1920\" height=\"1068\" src=\"https:\/\/www.glooh.fr\/wp-content\/uploads\/2021\/04\/nimes-image.jpeg\" alt=\"\" loading=\"lazy\" srcset=\"https:\/\/www.glooh.fr\/wp-content\/uploads\/2021\/04\/nimes-image.jpeg 1920w, https:\/\/www.glooh.fr\/wp-content\/uploads\/2021\/04\/nimes-image-300x167.jpeg 300w, https:\/\/www.glooh.fr\/wp-content\/uploads\/2021\/04\/nimes-image-1024x570.jpeg 1024w, https:\/\/www.glooh.fr\/wp-content\/uploads\/2021\/04\/nimes-image-768x427.jpeg 768w, https:\/\/www.glooh.fr\/wp-content\/uploads\/2021\/04\/nimes-image-1536x854.jpeg 1536w, https:\/\/www.glooh.fr\/wp-content\/uploads\/2021\/04\/nimes-image-600x334.jpeg 600w\" sizes=\"auto, (max-width: 1920px) 100vw, 1920px\" title=\"\">\t\t\t\t\t\t\t\t\t\t\t\t\t\t<\/p>\n<h4>G\u00e9rer sa communication sur Facebook et Google c&rsquo;est bien. \u00c9tendre votre communication \u00e0 la rue, c&rsquo;est mieux !<\/p>\n<p><b>Cr\u00e9ez votre propre affichage publicitaire dans la rue et attirez plus de clients !<\/b><\/h4>\n<h3>\n\t\t\t\t\t\tComment \u00e7a fonctionne ?<br \/>\n\t\t\t\t<\/h3>\n<p>\n\t\t\t\t\t\tCr\u00e9er son visuel et le rendre visible dans votre quartier n&rsquo;a jamais \u00e9t\u00e9 aussi simple.\t\t\t\t\t<\/p>\n<p>\t\t\t<iframe width=\"560\" height=\"315\" src=\"https:\/\/www.youtube.com\/embed\/LydjYhqjW3o\" title=\"YouTube video player\" frameborder=\"0\" allow=\"accelerometer; autoplay; clipboard-write; encrypted-media; gyroscope; picture-in-picture\" allowfullscreen><\/iframe>\t\t<\/p>\n<h2>Lancez-vous !<\/h2>\n<p>Entrez votre ville, d\u00e9couvrez les \u00e9crans \u00e0 proximit\u00e9 de votre commerce et commencez \u00e0 cr\u00e9er votre spot !<\/p>\n<p>\t\t\t<a href=\"https:\/\/vx.glooh.app\" role=\"button\"><br \/>\n\t\t\t\t\t\tCr\u00e9ez votre annonce<br \/>\n\t\t\t\t\t<\/a><br \/>\n\t\t\t\t\t\t\t\t\t\t\t\t<img decoding=\"async\" width=\"1024\" height=\"592\" src=\"https:\/\/www.glooh.fr\/wp-content\/uploads\/2021\/09\/pcgads-1024x592.png\" alt=\"\" loading=\"lazy\" srcset=\"https:\/\/www.glooh.fr\/wp-content\/uploads\/2021\/09\/pcgads-1024x592.png 1024w, https:\/\/www.glooh.fr\/wp-content\/uploads\/2021\/09\/pcgads-300x174.png 300w, https:\/\/www.glooh.fr\/wp-content\/uploads\/2021\/09\/pcgads-768x444.png 768w, https:\/\/www.glooh.fr\/wp-content\/uploads\/2021\/09\/pcgads-1536x889.png 1536w, https:\/\/www.glooh.fr\/wp-content\/uploads\/2021\/09\/pcgads-600x347.png 600w, https:\/\/www.glooh.fr\/wp-content\/uploads\/2021\/09\/pcgads.png 1756w\" sizes=\"auto, (max-width: 1024px) 100vw, 1024px\" title=\"\">\t\t\t\t\t\t\t\t\t\t\t\t\t\t<\/p>\n<h2>D\u00e9couvrir les villes<\/h2>\n<p>Entrez votre ville, d\u00e9couvrez les \u00e9crans \u00e0 proximit\u00e9 de votre commerce et commencez \u00e0 cr\u00e9er votre spot !<\/p>\n<form action=\"https:\/\/www.glooh.fr\/\" method=\"get\">\n\t\t\t\t\t\t\t\t\t<input name=\"s\" type=\"text\" value=\"\" placeholder=\"saisir une ville ou un lieu\" autocomplete=\"off\" \/><br \/>\n\t\t\t\t\t\t\t\t\t<input type=\"hidden\" name=\"post_type\" value=\"place\"\/><\/p>\n<ul>\n<li>\n\t\t\t\t                                    <a href=\"https:\/\/www.glooh.fr\/?s=&#038;post_type=place&#038;category=urbain\" target=\"_blank\" rel=\"noopener\"><br \/>\n\t\t\t\t\t\t\t\t                        <img decoding=\"async\" src=\"https:\/\/www.glooh.fr\/wp-content\/plugins\/golo-framework\/assets\/images\/no-image.jpg\" alt=\"urbain\" title=\"\"><br \/>\n\t\t\t\t\t\t\t\t                        urbain<br \/>\n\t\t\t\t\t\t\t\t                    <\/a>\n\t\t\t\t                                <\/li>\n<\/ul><\/form>\n<p>\t\t\t\t\t<a href=\"https:\/\/www.glooh.fr\/villes\/lille\/\" target=\"_blank\" rel=\"noopener\"><br \/>\n\t\t\t\t\t\t<img decoding=\"async\" src=\"https:\/\/www.glooh.fr\/wp-content\/uploads\/2021\/04\/geoffroy-hauwen-lcnowiSNyKY-unsplash-scaled-370x570.jpg\" alt=\"Lille\" title=\"\"><\/p>\n<h3>Lille<\/h3>\n<p>\t\t\t\t\t\t\t\t\t\t\t\t\t\t6 panneaux<br \/>\n\t\t\t\t\t<\/a><br \/>\n\t\t\t\t\t<a href=\"https:\/\/www.glooh.fr\/villes\/nimes\/\" target=\"_blank\" rel=\"noopener\"><br \/>\n\t\t\t\t\t\t<img decoding=\"async\" src=\"https:\/\/www.glooh.fr\/wp-content\/uploads\/2021\/04\/nimes-image-370x270.jpeg\" alt=\"N\u00eemes\" title=\"\"><\/p>\n<h3>N\u00eemes<\/h3>\n<p>\t\t\t\t\t\t\t\t\t\t\t\t\t\t16 panneaux<br \/>\n\t\t\t\t\t<\/a><br \/>\n\t\t\t\t\t<a href=\"https:\/\/www.glooh.fr\/villes\/arras\/\" target=\"_blank\" rel=\"noopener\"><br \/>\n\t\t\t\t\t\t<img decoding=\"async\" src=\"https:\/\/www.glooh.fr\/wp-content\/uploads\/2021\/05\/arras-370x270.jpeg\" alt=\"Arras\" title=\"\"><\/p>\n<h3>Arras<\/h3>\n<p>\t\t\t\t\t\t\t\t\t\t\t\t\t\t6 panneaux<br \/>\n\t\t\t\t\t<\/a><br \/>\n\t\t\t\t\t<a href=\"https:\/\/www.glooh.fr\/villes\/beauvais\/\" target=\"_blank\" rel=\"noopener\"><br \/>\n\t\t\t\t\t\t<img decoding=\"async\" src=\"https:\/\/www.glooh.fr\/wp-content\/uploads\/2021\/05\/Beauvais_Cathedral_Exterior_1_Picardy_France_-_Diliff-scaled-370x270.jpeg\" alt=\"Beauvais\" title=\"\"><\/p>\n<h3>Beauvais<\/h3>\n<p>\t\t\t\t\t\t\t\t\t\t\t\t\t\t6 panneaux<br \/>\n\t\t\t\t\t<\/a><br \/>\n\t\t\t\t\t<a href=\"https:\/\/www.glooh.fr\/villes\/amiens\/\" target=\"_blank\" rel=\"noopener\"><br \/>\n\t\t\t\t\t\t<img decoding=\"async\" src=\"https:\/\/www.glooh.fr\/wp-content\/uploads\/2021\/05\/amiens.1556249-370x270.jpg\" alt=\"Amiens\" title=\"\"><\/p>\n<h3>Amiens<\/h3>\n<p>\t\t\t\t\t\t\t\t\t\t\t\t\t\t4 panneaux<br \/>\n\t\t\t\t\t<\/a><\/p>\n<h2>Ils ont cr\u00e9\u00e9 leur annonce<br \/>avec Glooh<\/h2>\n<p>Pour marquer le coup de la r\u00e9-ouverture de leur commerce, les g\u00e9rants de la cr\u00eaperie OCW \u00e0 N\u00eemes se sont rendus sur la plateforme Glooh pour composer leur annonce et \u00eatre vu autours de leur commerce.\u00a0<\/p>\n<p>\t\t\t<a href=\"https:\/\/glooh.co\" role=\"button\"><br \/>\n\t\t\t\t\t\tCr\u00e9ez votre annonce<br \/>\n\t\t\t\t\t<\/a><\/p>\n<figure>\n\t\t\t\t\t\t\t\t\t\t<img decoding=\"async\" width=\"1024\" height=\"609\" src=\"https:\/\/www.glooh.fr\/wp-content\/uploads\/2021\/09\/Screenshot-2021-09-16-at-09.12.57-e1631776475271-1024x609.png\" alt=\"\" loading=\"lazy\" srcset=\"https:\/\/www.glooh.fr\/wp-content\/uploads\/2021\/09\/Screenshot-2021-09-16-at-09.12.57-e1631776475271-1024x609.png 1024w, https:\/\/www.glooh.fr\/wp-content\/uploads\/2021\/09\/Screenshot-2021-09-16-at-09.12.57-e1631776475271-300x178.png 300w, https:\/\/www.glooh.fr\/wp-content\/uploads\/2021\/09\/Screenshot-2021-09-16-at-09.12.57-e1631776475271-768x457.png 768w, https:\/\/www.glooh.fr\/wp-content\/uploads\/2021\/09\/Screenshot-2021-09-16-at-09.12.57-e1631776475271-600x357.png 600w, https:\/\/www.glooh.fr\/wp-content\/uploads\/2021\/09\/Screenshot-2021-09-16-at-09.12.57-e1631776475271.png 1497w\" sizes=\"auto, (max-width: 1024px) 100vw, 1024px\" title=\"\"><figcaption>Cr\u00eaperie OCW, N\u00eemes<\/figcaption><\/figure>\n<p>\t\t\t\t\t\t\t\t\t\t\t<img decoding=\"async\" width=\"70\" height=\"70\" src=\"https:\/\/www.glooh.fr\/wp-content\/uploads\/2021\/04\/Nimes_MAISON-1024x1024-1-e1620288519273.jpeg\" alt=\"\" loading=\"lazy\" srcset=\"https:\/\/www.glooh.fr\/wp-content\/uploads\/2021\/04\/Nimes_MAISON-1024x1024-1-e1620288519273.jpeg 348w, https:\/\/www.glooh.fr\/wp-content\/uploads\/2021\/04\/Nimes_MAISON-1024x1024-1-e1620288519273-300x293.jpeg 300w\" sizes=\"auto, (max-width: 348px) 100vw, 348px\" title=\"\"><br \/>\n\t\t\t\t\t\t\t\t\t\t\t\t\t\t\t\t\t\t<strong>Fanny Bousson<\/strong><br \/>\n\t\t\t\t\t\t\t\t\t\t\t\t\t\t\t\t\t\t\t\t\t\t\t\t\t\t\tMaison Garlaban, N\u00eemes<\/p>\n<ul>\n<li><a><\/a><\/li>\n<li><a><\/a><\/li>\n<li><a><\/a><\/li>\n<li><a><\/a><\/li>\n<li><a><\/a><\/li>\n<\/ul>\n<p>\u00c0 partir d\u2019aujourd\u2019hui, nous toucherons plus pr\u00e9cis\u00e9ment un large public de proximit\u00e9 gr\u00e2ce \u00e0 nos spots publicitaires diffus\u00e9s sur le mobilier urbain proche de notre boutique.<\/p>\n<p>\t\t\t\t\t\t\t\t\t\t\t<img decoding=\"async\" width=\"70\" height=\"70\" src=\"https:\/\/www.glooh.fr\/wp-content\/uploads\/2021\/04\/Screenshot-2021-04-23-at-17.45.17.png\" alt=\"\" loading=\"lazy\" srcset=\"https:\/\/www.glooh.fr\/wp-content\/uploads\/2021\/04\/Screenshot-2021-04-23-at-17.45.17.png 578w, https:\/\/www.glooh.fr\/wp-content\/uploads\/2021\/04\/Screenshot-2021-04-23-at-17.45.17-282x300.png 282w\" sizes=\"auto, (max-width: 578px) 100vw, 578px\" title=\"\"><br \/>\n\t\t\t\t\t\t\t\t\t\t\t\t\t\t\t\t\t\t<strong>Renato<\/strong><br \/>\n\t\t\t\t\t\t\t\t\t\t\t\t\t\t\t\t\t\t\t\t\t\t\t\t\t\t\tLe Caffettino, Li\u00e8ge<\/p>\n<ul>\n<li><a><\/a><\/li>\n<li><a><\/a><\/li>\n<li><a><\/a><\/li>\n<li><a><\/a><\/li>\n<li><a><\/a><\/li>\n<\/ul>\n<p>Notre restaurant partage ses plats de la semaine sur Facebook &#8211; mais c&rsquo;est un post parmi tant d&rsquo;autres. Avec la Glooh Ads, je suis visible instantan\u00e9ment \u00e0 5 min autour de mon commerce !<\/p>\n<p>\t\t\t\t\t\t\t\t\t\t\t<img decoding=\"async\" width=\"70\" height=\"70\" src=\"https:\/\/www.glooh.fr\/wp-content\/uploads\/2021\/05\/Screenshot-2021-05-06-at-12.12.06.png\" alt=\"\" loading=\"lazy\" srcset=\"https:\/\/www.glooh.fr\/wp-content\/uploads\/2021\/05\/Screenshot-2021-05-06-at-12.12.06.png 960w, https:\/\/www.glooh.fr\/wp-content\/uploads\/2021\/05\/Screenshot-2021-05-06-at-12.12.06-300x296.png 300w, https:\/\/www.glooh.fr\/wp-content\/uploads\/2021\/05\/Screenshot-2021-05-06-at-12.12.06-768x757.png 768w, https:\/\/www.glooh.fr\/wp-content\/uploads\/2021\/05\/Screenshot-2021-05-06-at-12.12.06-600x591.png 600w, https:\/\/www.glooh.fr\/wp-content\/uploads\/2021\/05\/Screenshot-2021-05-06-at-12.12.06-100x100.png 100w\" sizes=\"auto, (max-width: 960px) 100vw, 960px\" title=\"\"><br \/>\n\t\t\t\t\t\t\t\t\t\t\t\t\t\t\t\t\t\t<strong>Martial Gu\u00e9bey<\/strong><br \/>\n\t\t\t\t\t\t\t\t\t\t\t\t\t\t\t\t\t\t\t\t\t\t\t\t\t\t\tAx\u00e9lite Immobilier, N\u00eemes<\/p>\n<ul>\n<li><a><\/a><\/li>\n<li><a><\/a><\/li>\n<li><a><\/a><\/li>\n<li><a><\/a><\/li>\n<li><a><\/a><\/li>\n<\/ul>\n<p>Je n\u2019avais jamais fait de publicit\u00e9 urbaine &#8211; mais j&rsquo;y avais d\u00e9j\u00e0 pens\u00e9 !<br \/>\nC\u2019est apparent\u00e9 \u00e0 un m\u00e9dia \u00ab\u00a0Haut de gamme\u201d, c&rsquo;est ce qui m&rsquo;a attir\u00e9.<br \/>\nAvec Glooh c\u2019est simple, rapide et efficace !<\/p>\n<ul><\/ul>\n<h2>FAQ<\/h2>\n<h4>Faut-il \u00eatre designer pour cr\u00e9er une annonce ? <\/h4>\n<p>Non, gr\u00e2ce \u00e0 la librairie de gabarit &#8211; il vous suffit de composer votre visuel en choisissant les textes et images !<\/p>\n<h4>Quelle est la dur\u00e9e minimale d&rsquo;une campagne ?<\/h4>\n<p>Une campagne peut d\u00e9j\u00e0 d\u00e9buter d\u00e8s 1 jour de diffusion.<\/p>\n<h4>J&rsquo;ai une vid\u00e9o, puis-je l&rsquo;envoyer sur un \u00e9cran ?<\/h4>\n<p>Oui, vous pouvez envoyer votre vid\u00e9o sur la plateforme. Attention \u00e0 bien veiller \u00e0 respecter le format demand\u00e9.<\/p>\n<h4>Je n&rsquo;ai pas de belle image sous la main &#8211; que faire ?<\/h4>\n<p>Oui, vous pouvez envoyer votre vid\u00e9o sur la plateforme. Attention \u00e0 bien veiller \u00e0 respecter le format demand\u00e9.<\/p>\n<h4>Puis-je utiliser une annonce Facebook ou une publicit\u00e9 existante pour cr\u00e9er mon spot ?<\/h4>\n<p>Oui, n&rsquo;h\u00e9sitez pas \u00e0 nous envoyer vos visuels existants. Notre \u00e9quipe vous assistera pour composer votre spot.<\/p>\n<h4>Dans quelles villes \u00eates-vous pr\u00e9sent ?<\/h4>\n<p>L&rsquo;inventaire et les villes couvertes grandissent chaque semaine : entrez le nom de la ville dans l&rsquo;interface de l&rsquo;application pour d\u00e9couvrir les \u00e9crans.<\/p>\n<h4>Je ne trouve pas de panneaux dans ma ville, que faire ?<\/h4>\n<p>N&rsquo;h\u00e9sitez pas \u00e0 contacter notre \u00e9quipe par le chat si vous ne trouvez pas de panneau dans votre ville !<\/p>\n<h4>Combien de temps \u00e0 l&rsquo;avance dois-je r\u00e9server ma commande ?<\/h4>\n<p>Selon les \u00e9crans, vous pouvez r\u00e9server jusqu&rsquo;\u00e0 24h avant la diffusion en semaine. Nous vous conseillons toutefois de placer la demande le plus t\u00f4t possible pour garantir la diffusion.<\/p>\n<h3>Soyez visible chez :<\/h3>\n<figure><img decoding=\"async\" src=\"https:\/\/www.glooh.fr\/wp-content\/uploads\/2021\/09\/logo-basicfit-300x300.png\" alt=\"logo-basicfit\" title=\"\"><\/figure>\n<figure><img decoding=\"async\" src=\"https:\/\/www.glooh.fr\/wp-content\/uploads\/2021\/09\/logo-imediacenter-1-300x300.png\" alt=\"logo-imediacenter\" title=\"\"><\/figure>\n<figure><img decoding=\"async\" src=\"https:\/\/www.glooh.fr\/wp-content\/uploads\/2021\/09\/logo-clearchannel-300x300.png\" alt=\"logo-clearchannel\" title=\"\"><\/figure>\n<figure><img decoding=\"async\" src=\"https:\/\/www.glooh.fr\/wp-content\/uploads\/2021\/09\/logo-oxialive-300x300.png\" alt=\"logo-oxialive\" title=\"\"><\/figure>\n<figure><img decoding=\"async\" src=\"https:\/\/www.glooh.fr\/wp-content\/uploads\/2021\/09\/logo-cdp-300x300.png\" alt=\"logo-cdp\" title=\"\"><\/figure>\n<p>\t\t\t\t\t\t\t\t\t\t\t\tPr\u00e9c\u00e9dent<br \/>\n\t\t\t\t\t\t\t\t\t\t\t\tSuivant<br \/>\n\t\t\t\t\t<a href=\"https:\/\/www.facebook.com\/gloohmedia\" target=\"_blank\" rel=\"noopener\"><br \/>\n\t\t\t\t\t\tFacebook<br \/>\n\t\t\t\t\t\t\t\t\t\t\t<\/a><br \/>\n\t\t\t\t\t<a href=\"https:\/\/www.instagram.com\/gloohmedia\/\" target=\"_blank\" rel=\"noopener\"><br \/>\n\t\t\t\t\t\tInstagram<br \/>\n\t\t\t\t\t\t\t\t\t\t\t<\/a><br \/>\n\t\t\t\t\t<a href=\"https:\/\/linkedin.com\/company\/43332818\/\" target=\"_blank\" rel=\"noopener\"><br \/>\n\t\t\t\t\t\tLinkedin<br \/>\n\t\t\t\t\t\t\t\t\t\t\t<\/a><\/p>\n<h5>Produit<\/h5>\n<h5>Solutions<\/h5>\n<h5>Glooh<\/h5>\n","protected":false},"excerpt":{"rendered":"<p>Votre publicit\u00e9 locale G\u00e9rer sa communication sur Facebook et Google c&rsquo;est bien. \u00c9tendre votre communication \u00e0 la rue, c&rsquo;est mieux ! Cr\u00e9ez votre propre affichage publicitaire dans la rue et attirez plus de clients ! Comment \u00e7a fonctionne ? Cr\u00e9er son visuel et le rendre visible dans votre quartier n&rsquo;a jamais \u00e9t\u00e9 aussi simple. Lancez-vous [&hellip;]<\/p>\n","protected":false},"author":1,"featured_media":0,"parent":0,"menu_order":0,"comment_status":"closed","ping_status":"closed","template":"elementor_canvas","meta":{"_mi_skip_tracking":false,"footnotes":""},"class_list":["post-7166","page","type-page","status-publish","hentry"],"_links":{"self":[{"href":"https:\/\/fr.glooh.media\/index.php?rest_route=\/wp\/v2\/pages\/7166","targetHints":{"allow":["GET"]}}],"collection":[{"href":"https:\/\/fr.glooh.media\/index.php?rest_route=\/wp\/v2\/pages"}],"about":[{"href":"https:\/\/fr.glooh.media\/index.php?rest_route=\/wp\/v2\/types\/page"}],"author":[{"embeddable":true,"href":"https:\/\/fr.glooh.media\/index.php?rest_route=\/wp\/v2\/users\/1"}],"replies":[{"embeddable":true,"href":"https:\/\/fr.glooh.media\/index.php?rest_route=%2Fwp%2Fv2%2Fcomments&post=7166"}],"version-history":[{"count":66,"href":"https:\/\/fr.glooh.media\/index.php?rest_route=\/wp\/v2\/pages\/7166\/revisions"}],"predecessor-version":[{"id":8213,"href":"https:\/\/fr.glooh.media\/index.php?rest_route=\/wp\/v2\/pages\/7166\/revisions\/8213"}],"wp:attachment":[{"href":"https:\/\/fr.glooh.media\/index.php?rest_route=%2Fwp%2Fv2%2Fmedia&parent=7166"}],"curies":[{"name":"wp","href":"https:\/\/api.w.org\/{rel}","templated":true}]}}